{"id":1300,"date":"2017-03-16T20:01:38","date_gmt":"2017-03-16T19:01:38","guid":{"rendered":"https:\/\/resonus.de\/?page_id=1300\/"},"modified":"2024-09-24T11:34:40","modified_gmt":"2024-09-24T09:34:40","slug":"imprint","status":"publish","type":"page","link":"https:\/\/resonus.de\/en\/imprint\/","title":{"rendered":"Imprint"},"content":{"rendered":"<div class=\"wpb-content-wrapper\"><p>[vc_row row_type=&#8221;row&#8221; use_row_as_full_screen_section=&#8221;no&#8221; type=&#8221;grid&#8221; text_align=&#8221;left&#8221; background_animation=&#8221;none&#8221; padding_top=&#8221;108&#8243; padding_bottom=&#8221;78&#8243; css_animation=&#8221;&#8221; css=&#8221;.vc_custom_1493410252776{background-image: url(https:\/\/resonus.de\/wp-content\/uploads\/2017\/03\/Resonus_Website_background_v1.png?id=1063) !important;}&#8221;][vc_column offset=&#8221;vc_col-md-5&#8243;][vc_column_text]<\/p>\n<h2>Imprint<\/h2>\n<p>[\/vc_column_text][vc_empty_space height=&#8221;30px&#8221;][\/vc_column][vc_column offset=&#8221;vc_col-md-7&#8243;][vc_empty_space height=&#8221;10px&#8221;][vc_column_text css=&#8221;&#8221;]RESONUS Warenhandelsgesellschaft mbH &amp; Co. KG<br \/>\nv.d.d. pers\u00f6nlich haftende Gesellschafterin Resonus GmbH<br \/>\ndiese v.d. den Gesch\u00e4ftsf\u00fchrer Herrn Markus Born<\/p>\n<p>Alter Wall 32<br \/>\n20457 Hamburg<\/p>\n<p>&nbsp;<\/p>\n<p>Telefon\u2002+49\u200240\u20022190132-100<br \/>\nFax\u2002 \u00a0 \u00a0 \u00a0 +49\u200240\u20022190132-291<\/p>\n<p><a href=\"mailto:mail@resonus.de\">mail@resonus.de<\/a><br \/>\n<a href=\"http:\/\/www.resonus.de\">www.resonus.de<\/a><\/p>\n<p>&nbsp;<\/p>\n<p>RESONUS Warenhandelsgesellschaft mbH &amp; Co. KG:<br \/>\nAmtsgericht Hamburg, HRA116840<br \/>\nUSt-IdNr. DE292196852<br \/>\nDE-\u00d6KO-006<\/p>\n<p>&nbsp;<\/p>\n<p>RESONUS GmbH:<br \/>\nAmtsgericht Hamburg, HRB110849<\/p>\n<p>&nbsp;<\/p>\n<p>Verantwortlicher im Sinne des Presserechts:<br \/>\nMarkus Born<\/p>\n<p>&nbsp;<\/p>\n<p>Wir nehmen nicht an Streitbeilegungsverfahren vor einer Verbraucherschlichtungsstelle im Sinne des Gesetz \u00fcber die alternative Streitbeilegung in Verbrauchersachen (VSBG) teil und haben uns dazu auch nicht verpflichtet.<\/p>\n<p>&nbsp;<\/p>\n<p>Die EU &#8211; Kommission bietet gem\u00e4\u00df Art. 14 Abs. 1 ODR-VO die M\u00f6glichkeit zur Online-Streitbeilegung. Die Europ\u00e4ische Kommission stellt eine Plattform zur Online-Streitbeilegung (OS) bereit, die Sie \u00fcber den externen Link <a href=\"http:\/\/ec.europa.eu\/consumers\/odr\/\">http:\/\/ec.europa.eu\/consumers\/odr\/<\/a> erreichen.<\/p>\n<p>&nbsp;<\/p>\n<p>Soweit auf unserer Internetseite Marken\/Logos von Markenherstellern abgebildet sind, erfolgt dies mit Zustimmung der jeweiligen Rechteinhaber. Eine Vervielf\u00e4ltigung oder Weiterverwendung der Marken\/Logos ist nicht gestattet.<\/p>\n<p>&nbsp;<\/p>\n<p><strong>Konzept &amp; Kreativdirektion<\/strong><br \/>\nAnnette Hecht |<a href=\"http:\/\/www.annettehecht.de\">\u00a0www.annettehecht.de<\/a><\/p>\n<p>&nbsp;<\/p>\n<p><strong>Konzept &amp; Text<\/strong><br \/>\ntextcouture | Katharina Psczolla | <a href=\"http:\/\/www.textcouture.de\" target=\"_blank\" rel=\"noopener noreferrer\">www.textcouture.de<\/a><\/p>\n<p>&nbsp;<\/p>\n<p><strong>Fotografie<\/strong><br \/>\nSinje Sabine Hasheider |\u00a0<a href=\"http:\/\/www.sinjehasheider.com\/\">www.sinjehasheider.com<\/a><\/p>\n<p>&nbsp;<\/p>\n<p><strong>Lithografie<\/strong><br \/>\nOlaf Giesick |\u00a0<a href=\"http:\/\/giesick.de\/\" target=\"_blank\" rel=\"noopener noreferrer\">www.giesick.de<\/a>[\/vc_column_text][vc_empty_space height=&#8221;30px&#8221;][\/vc_column][\/vc_row]<\/p>\n<\/div>","protected":false},"excerpt":{"rendered":"<p>[vc_row row_type=&#8221;row&#8221; use_row_as_full_screen_section=&#8221;no&#8221; type=&#8221;grid&#8221; text_align=&#8221;left&#8221; background_animation=&#8221;none&#8221; padding_top=&#8221;108&#8243; padding_bottom=&#8221;78&#8243; css_animation=&#8221;&#8221; css=&#8221;.vc_custom_1493410252776{background-image: url(https:\/\/resonus.de\/wp-content\/uploads\/2017\/03\/Resonus_Website_background_v1.png?id=1063) !important;}&#8221;][vc_column offset=&#8221;vc_col-md-5&#8243;][vc_column_text] Imprint [\/vc_column_text][vc_empty_space height=&#8221;30px&#8221;][\/vc_column][vc_column offset=&#8221;vc_col-md-7&#8243;][vc_empty_space height=&#8221;10px&#8221;][vc_column_text css=&#8221;&#8221;]RESONUS Warenhandelsgesellschaft mbH &amp; Co. KG v.d.d. pers\u00f6nlich haftende Gesellschafterin Resonus GmbH diese v.d. den Gesch\u00e4ftsf\u00fchrer Herrn Markus Born Alter Wall 32 20457 Hamburg &nbsp; Telefon\u2002+49\u200240\u20022190132-100 Fax\u2002&#8230;<\/p>\n","protected":false},"author":2,"featured_media":0,"parent":0,"menu_order":70,"comment_status":"closed","ping_status":"closed","template":"full_width.php","meta":{"footnotes":""},"class_list":["post-1300","page","type-page","status-publish","hentry"],"yoast_head":"<!-- This site is optimized with the Yoast SEO plugin v27.4 - https:\/\/yoast.com\/product\/yoast-seo-wordpress\/ -->\n<title>Imprint - RESONUS<\/title>\n<meta name=\"robots\" content=\"index, follow, max-snippet:-1, max-image-preview:large, max-video-preview:-1\" \/>\n<link rel=\"canonical\" href=\"https:\/\/resonus.de\/en\/imprint\/\" \/>\n<meta property=\"og:locale\" content=\"en_US\" \/>\n<meta property=\"og:type\" content=\"article\" \/>\n<meta property=\"og:title\" content=\"Imprint - RESONUS\" \/>\n<meta property=\"og:description\" content=\"[vc_row row_type=&#8221;row&#8221; use_row_as_full_screen_section=&#8221;no&#8221; type=&#8221;grid&#8221; text_align=&#8221;left&#8221; background_animation=&#8221;none&#8221; padding_top=&#8221;108&#8243; padding_bottom=&#8221;78&#8243; css_animation=&#8221;&#8221; css=&#8221;.vc_custom_1493410252776{background-image: url(https:\/\/resonus.de\/wp-content\/uploads\/2017\/03\/Resonus_Website_background_v1.png?id=1063) !important;}&#8221;][vc_column offset=&#8221;vc_col-md-5&#8243;][vc_column_text] Imprint [\/vc_column_text][vc_empty_space height=&#8221;30px&#8221;][\/vc_column][vc_column offset=&#8221;vc_col-md-7&#8243;][vc_empty_space height=&#8221;10px&#8221;][vc_column_text css=&#8221;&#8221;]RESONUS Warenhandelsgesellschaft mbH &amp; Co. KG v.d.d. pers\u00f6nlich haftende Gesellschafterin Resonus GmbH diese v.d. den Gesch\u00e4ftsf\u00fchrer Herrn Markus Born Alter Wall 32 20457 Hamburg &nbsp; Telefon\u2002+49\u200240\u20022190132-100 Fax\u2002...\" \/>\n<meta property=\"og:url\" content=\"https:\/\/resonus.de\/en\/imprint\/\" \/>\n<meta property=\"og:site_name\" content=\"RESONUS\" \/>\n<meta property=\"article:modified_time\" content=\"2024-09-24T09:34:40+00:00\" \/>\n<meta name=\"twitter:card\" content=\"summary_large_image\" \/>\n<meta name=\"twitter:label1\" content=\"Est. reading time\" \/>\n\t<meta name=\"twitter:data1\" content=\"2 minutes\" \/>\n<script type=\"application\/ld+json\" class=\"yoast-schema-graph\">{\"@context\":\"https:\\\/\\\/schema.org\",\"@graph\":[{\"@type\":\"WebPage\",\"@id\":\"https:\\\/\\\/resonus.de\\\/en\\\/imprint\\\/\",\"url\":\"https:\\\/\\\/resonus.de\\\/en\\\/imprint\\\/\",\"name\":\"Imprint - RESONUS\",\"isPartOf\":{\"@id\":\"https:\\\/\\\/resonus.de\\\/#website\"},\"datePublished\":\"2017-03-16T19:01:38+00:00\",\"dateModified\":\"2024-09-24T09:34:40+00:00\",\"breadcrumb\":{\"@id\":\"https:\\\/\\\/resonus.de\\\/en\\\/imprint\\\/#breadcrumb\"},\"inLanguage\":\"en-US\",\"potentialAction\":[{\"@type\":\"ReadAction\",\"target\":[\"https:\\\/\\\/resonus.de\\\/en\\\/imprint\\\/\"]}]},{\"@type\":\"BreadcrumbList\",\"@id\":\"https:\\\/\\\/resonus.de\\\/en\\\/imprint\\\/#breadcrumb\",\"itemListElement\":[{\"@type\":\"ListItem\",\"position\":1,\"name\":\"Startseite\",\"item\":\"https:\\\/\\\/resonus.de\\\/en\\\/\"},{\"@type\":\"ListItem\",\"position\":2,\"name\":\"Imprint\"}]},{\"@type\":\"WebSite\",\"@id\":\"https:\\\/\\\/resonus.de\\\/#website\",\"url\":\"https:\\\/\\\/resonus.de\\\/\",\"name\":\"RESONUS\",\"description\":\"Warenhandelsgesellschaft mbH &amp; Co. KG\",\"potentialAction\":[{\"@type\":\"SearchAction\",\"target\":{\"@type\":\"EntryPoint\",\"urlTemplate\":\"https:\\\/\\\/resonus.de\\\/?s={search_term_string}\"},\"query-input\":{\"@type\":\"PropertyValueSpecification\",\"valueRequired\":true,\"valueName\":\"search_term_string\"}}],\"inLanguage\":\"en-US\"}]}<\/script>\n<!-- \/ Yoast SEO plugin. -->","yoast_head_json":{"title":"Imprint - RESONUS","robots":{"index":"index","follow":"follow","max-snippet":"max-snippet:-1","max-image-preview":"max-image-preview:large","max-video-preview":"max-video-preview:-1"},"canonical":"https:\/\/resonus.de\/en\/imprint\/","og_locale":"en_US","og_type":"article","og_title":"Imprint - RESONUS","og_description":"[vc_row row_type=&#8221;row&#8221; use_row_as_full_screen_section=&#8221;no&#8221; type=&#8221;grid&#8221; text_align=&#8221;left&#8221; background_animation=&#8221;none&#8221; padding_top=&#8221;108&#8243; padding_bottom=&#8221;78&#8243; css_animation=&#8221;&#8221; css=&#8221;.vc_custom_1493410252776{background-image: url(https:\/\/resonus.de\/wp-content\/uploads\/2017\/03\/Resonus_Website_background_v1.png?id=1063) !important;}&#8221;][vc_column offset=&#8221;vc_col-md-5&#8243;][vc_column_text] Imprint [\/vc_column_text][vc_empty_space height=&#8221;30px&#8221;][\/vc_column][vc_column offset=&#8221;vc_col-md-7&#8243;][vc_empty_space height=&#8221;10px&#8221;][vc_column_text css=&#8221;&#8221;]RESONUS Warenhandelsgesellschaft mbH &amp; Co. KG v.d.d. pers\u00f6nlich haftende Gesellschafterin Resonus GmbH diese v.d. den Gesch\u00e4ftsf\u00fchrer Herrn Markus Born Alter Wall 32 20457 Hamburg &nbsp; Telefon\u2002+49\u200240\u20022190132-100 Fax\u2002...","og_url":"https:\/\/resonus.de\/en\/imprint\/","og_site_name":"RESONUS","article_modified_time":"2024-09-24T09:34:40+00:00","twitter_card":"summary_large_image","twitter_misc":{"Est. reading time":"2 minutes"},"schema":{"@context":"https:\/\/schema.org","@graph":[{"@type":"WebPage","@id":"https:\/\/resonus.de\/en\/imprint\/","url":"https:\/\/resonus.de\/en\/imprint\/","name":"Imprint - RESONUS","isPartOf":{"@id":"https:\/\/resonus.de\/#website"},"datePublished":"2017-03-16T19:01:38+00:00","dateModified":"2024-09-24T09:34:40+00:00","breadcrumb":{"@id":"https:\/\/resonus.de\/en\/imprint\/#breadcrumb"},"inLanguage":"en-US","potentialAction":[{"@type":"ReadAction","target":["https:\/\/resonus.de\/en\/imprint\/"]}]},{"@type":"BreadcrumbList","@id":"https:\/\/resonus.de\/en\/imprint\/#breadcrumb","itemListElement":[{"@type":"ListItem","position":1,"name":"Startseite","item":"https:\/\/resonus.de\/en\/"},{"@type":"ListItem","position":2,"name":"Imprint"}]},{"@type":"WebSite","@id":"https:\/\/resonus.de\/#website","url":"https:\/\/resonus.de\/","name":"RESONUS","description":"Warenhandelsgesellschaft mbH &amp; Co. KG","potentialAction":[{"@type":"SearchAction","target":{"@type":"EntryPoint","urlTemplate":"https:\/\/resonus.de\/?s={search_term_string}"},"query-input":{"@type":"PropertyValueSpecification","valueRequired":true,"valueName":"search_term_string"}}],"inLanguage":"en-US"}]}},"_links":{"self":[{"href":"https:\/\/resonus.de\/en\/wp-json\/wp\/v2\/pages\/1300","targetHints":{"allow":["GET"]}}],"collection":[{"href":"https:\/\/resonus.de\/en\/wp-json\/wp\/v2\/pages"}],"about":[{"href":"https:\/\/resonus.de\/en\/wp-json\/wp\/v2\/types\/page"}],"author":[{"embeddable":true,"href":"https:\/\/resonus.de\/en\/wp-json\/wp\/v2\/users\/2"}],"replies":[{"embeddable":true,"href":"https:\/\/resonus.de\/en\/wp-json\/wp\/v2\/comments?post=1300"}],"version-history":[{"count":13,"href":"https:\/\/resonus.de\/en\/wp-json\/wp\/v2\/pages\/1300\/revisions"}],"predecessor-version":[{"id":3227,"href":"https:\/\/resonus.de\/en\/wp-json\/wp\/v2\/pages\/1300\/revisions\/3227"}],"wp:attachment":[{"href":"https:\/\/resonus.de\/en\/wp-json\/wp\/v2\/media?parent=1300"}],"curies":[{"name":"wp","href":"https:\/\/api.w.org\/{rel}","templated":true}]}}